{"id":13,"date":"2016-09-20T06:10:40","date_gmt":"2016-09-20T06:10:40","guid":{"rendered":"http:\/\/iusjh.fi\/sv\/?page_id=13"},"modified":"2024-04-21T15:17:06","modified_gmt":"2024-04-21T15:17:06","slug":"home-page","status":"publish","type":"page","link":"https:\/\/iusjh.fi\/sv\/","title":{"rendered":"Brandsl\u00e4ckarservice och brands\u00e4kerhet"},"content":{"rendered":"<div id=\"block1\" class=\"row\">\n<div class=\"container\">\n<div id=\"box1\" class=\"col-sm-4 box nopadding\"><a href=\"http:\/\/iusjh.fi\/sv\/tarjoamme\/\"><br \/>\n<\/a><\/p>\n<div class=\"content\">\n<p><img decoding=\"async\" src=\"http:\/\/iusjh.fi\/wp-content\/uploads\/2016\/09\/ico1.png\" alt=\"Porvoon Sammutinhuolto\" \/><\/p>\n<h2>Brands\u00e4kerhetsprodukter<\/h2>\n<p>M\u00e5ngsidigt brandskydd- och system f\u00f6r alla situationer.<\/p>\n<\/div>\n<\/div>\n<div id=\"box2\" class=\"col-sm-4 box nopadding\"><a href=\"http:\/\/iusjh.fi\/sv\/tarjoamme\/\"><br \/>\n<\/a><\/p>\n<div class=\"content\">\n<p><img decoding=\"async\" src=\"http:\/\/iusjh.fi\/wp-content\/uploads\/2016\/09\/ico2.png\" alt=\"Porvoon Sammutinhuolto\" \/><\/p>\n<h2>Granskning &amp; Service<\/h2>\n<p>Vi servar och kollar alla brandsl\u00e4ckare.<\/p>\n<\/div>\n<\/div>\n<div id=\"box3\" class=\"col-sm-4 box nopadding\"><a href=\"http:\/\/iusjh.fi\/sv\/ajankohtaista\/\"><br \/>\n<\/a><\/p>\n<div class=\"content\">\n<p><img decoding=\"async\" src=\"http:\/\/iusjh.fi\/wp-content\/uploads\/2016\/09\/ico3.png\" alt=\"Porvoon Sammutinhuolto\" \/><\/p>\n<h2>Utbildningar<\/h2>\n<p>AS1, Kurs i Heta arbeten och arbets\u00e4kerhets utbildning av h\u00f6g kvalitet.<\/p>\n<\/div>\n<\/div>\n<\/div>\n<\/div>\n<div id=\"block2\" class=\"row\">\n<div class=\"container\">\n<div class=\"col-sm-8 box\" style=\"text-align: left;\">\n<h2>\u00d6st-Nylands Brands\u00e4kerhet<\/h2>\n<p>Vi \u00e4r en serviceinriktad leverant\u00f6r i \u00d6stra Nyland av s\u00e4kerhets produkter inom brandskydd, vi har \u00f6ppnat en ny verksamhetspunkt \u00e4ven i Borg\u00e5, L\u00e4rlingsv\u00e4gen 4, utr. 12 Tarmola. Vi servar och granskar s\u00e5v\u00e4l industrins-, fastigheters-, mobila farkosters-, och privathush\u00e5llens brandredskap professionellt och sakkunnigt. Kolla v\u00e5ra aktuella sl\u00e4ckargranknings platser p\u00e5 finska sidan under &#8221;ajankohtaista&#8221;.<\/p>\n<\/div>\n<div class=\"col-sm-4 box\">\n<div class=\"fb-page\" data-tabs=\"timeline,events,messages\" data-href=\"https:\/\/www.facebook.com\/iuptfi\" data-width=\"380\" data-hide-cover=\"false\"><\/div>\n<\/div>\n<\/div>\n<\/div>\n\n\n<figure class=\"wp-block-image size-large\"><img loading=\"lazy\" decoding=\"async\" width=\"760\" height=\"1024\" src=\"https:\/\/iusjh.fi\/wp-content\/uploads\/2024\/04\/Screenshot_20240415_105740_Microsoft-365-Office-760x1024.jpg\" alt=\"\" class=\"wp-image-4580\" srcset=\"https:\/\/iusjh.fi\/wp-content\/uploads\/2024\/04\/Screenshot_20240415_105740_Microsoft-365-Office-760x1024.jpg 760w, https:\/\/iusjh.fi\/wp-content\/uploads\/2024\/04\/Screenshot_20240415_105740_Microsoft-365-Office-223x300.jpg 223w, https:\/\/iusjh.fi\/wp-content\/uploads\/2024\/04\/Screenshot_20240415_105740_Microsoft-365-Office-768x1035.jpg 768w, https:\/\/iusjh.fi\/wp-content\/uploads\/2024\/04\/Screenshot_20240415_105740_Microsoft-365-Office.jpg 1080w\" sizes=\"auto, (max-width: 760px) 100vw, 760px\" \/><\/figure>\n","protected":false},"excerpt":{"rendered":"<p>Brands\u00e4kerhetsprodukter M\u00e5ngsidigt brandskydd- och system f\u00f6r alla situationer. Granskning &amp; Service Vi servar och kollar alla brandsl\u00e4ckare. Utbildningar AS1, Kurs i Heta arbeten och arbets\u00e4kerhets utbildning av h\u00f6g kvalitet. \u00d6st-Nylands Brands\u00e4kerhet Vi \u00e4r en serviceinriktad leverant\u00f6r i \u00d6stra Nyland av &hellip;<\/p>\n","protected":false},"author":4,"featured_media":3444,"parent":0,"menu_order":0,"comment_status":"closed","ping_status":"closed","template":"","meta":{"_acf_changed":false,"footnotes":""},"class_list":["post-13","page","type-page","status-publish","has-post-thumbnail","hentry"],"acf":[],"yoast_head":"<!-- This site is optimized with the Yoast SEO plugin v27.4 - https:\/\/yoast.com\/product\/yoast-seo-wordpress\/ -->\n<title>Brandsl\u00e4ckarservice och brands\u00e4kerhet | Borg\u00e5 Brandsl\u00e4ckarservice<\/title>\n<meta name=\"robots\" content=\"index, follow, max-snippet:-1, max-image-preview:large, max-video-preview:-1\" \/>\n<link rel=\"canonical\" href=\"https:\/\/iusjh.fi\/sv\/\" \/>\n<meta property=\"og:locale\" content=\"sv_SE\" \/>\n<meta property=\"og:type\" content=\"article\" \/>\n<meta property=\"og:title\" content=\"Brandsl\u00e4ckarservice och brands\u00e4kerhet | Borg\u00e5 Brandsl\u00e4ckarservice\" \/>\n<meta property=\"og:description\" content=\"Brands\u00e4kerhetsprodukter M\u00e5ngsidigt brandskydd- och system f\u00f6r alla situationer. Granskning &amp; Service Vi servar och kollar alla brandsl\u00e4ckare. Utbildningar AS1, Kurs i Heta arbeten och arbets\u00e4kerhets utbildning av h\u00f6g kvalitet. \u00d6st-Nylands Brands\u00e4kerhet Vi \u00e4r en serviceinriktad leverant\u00f6r i \u00d6stra Nyland av &hellip;\" \/>\n<meta property=\"og:url\" content=\"https:\/\/iusjh.fi\/sv\/\" \/>\n<meta property=\"og:site_name\" content=\"Borg\u00e5 Brandsl\u00e4ckarservice\" \/>\n<meta property=\"article:publisher\" content=\"https:\/\/www.facebook.com\/iuptfi\" \/>\n<meta property=\"article:modified_time\" content=\"2024-04-21T15:17:06+00:00\" \/>\n<meta property=\"og:image\" content=\"https:\/\/iusjh.fi\/wp-content\/uploads\/2021\/05\/sammutinhuolto_iupt_1200x630px_fb.jpg\" \/>\n\t<meta property=\"og:image:width\" content=\"1200\" \/>\n\t<meta property=\"og:image:height\" content=\"630\" \/>\n\t<meta property=\"og:image:type\" content=\"image\/jpeg\" \/>\n<meta name=\"twitter:card\" content=\"summary_large_image\" \/>\n<meta name=\"twitter:label1\" content=\"Ber\u00e4knad l\u00e4stid\" \/>\n\t<meta name=\"twitter:data1\" content=\"2 minuter\" \/>\n<script type=\"application\/ld+json\" class=\"yoast-schema-graph\">{\"@context\":\"https:\\\/\\\/schema.org\",\"@graph\":[{\"@type\":\"WebPage\",\"@id\":\"https:\\\/\\\/iusjh.fi\\\/sv\\\/\",\"url\":\"https:\\\/\\\/iusjh.fi\\\/sv\\\/\",\"name\":\"Brandsl\u00e4ckarservice och brands\u00e4kerhet | Borg\u00e5 Brandsl\u00e4ckarservice\",\"isPartOf\":{\"@id\":\"https:\\\/\\\/iusjh.fi\\\/#website\"},\"primaryImageOfPage\":{\"@id\":\"https:\\\/\\\/iusjh.fi\\\/sv\\\/#primaryimage\"},\"image\":{\"@id\":\"https:\\\/\\\/iusjh.fi\\\/sv\\\/#primaryimage\"},\"thumbnailUrl\":\"https:\\\/\\\/iusjh.fi\\\/wp-content\\\/uploads\\\/2021\\\/05\\\/sammutinhuolto_iupt_1200x630px_fb.jpg\",\"datePublished\":\"2016-09-20T06:10:40+00:00\",\"dateModified\":\"2024-04-21T15:17:06+00:00\",\"breadcrumb\":{\"@id\":\"https:\\\/\\\/iusjh.fi\\\/sv\\\/#breadcrumb\"},\"inLanguage\":\"sv-SE\",\"potentialAction\":[{\"@type\":\"ReadAction\",\"target\":[\"https:\\\/\\\/iusjh.fi\\\/sv\\\/\"]}]},{\"@type\":\"ImageObject\",\"inLanguage\":\"sv-SE\",\"@id\":\"https:\\\/\\\/iusjh.fi\\\/sv\\\/#primaryimage\",\"url\":\"https:\\\/\\\/iusjh.fi\\\/wp-content\\\/uploads\\\/2021\\\/05\\\/sammutinhuolto_iupt_1200x630px_fb.jpg\",\"contentUrl\":\"https:\\\/\\\/iusjh.fi\\\/wp-content\\\/uploads\\\/2021\\\/05\\\/sammutinhuolto_iupt_1200x630px_fb.jpg\",\"width\":1200,\"height\":630,\"caption\":\"IUPT logo\"},{\"@type\":\"BreadcrumbList\",\"@id\":\"https:\\\/\\\/iusjh.fi\\\/sv\\\/#breadcrumb\",\"itemListElement\":[{\"@type\":\"ListItem\",\"position\":1,\"name\":\"Home\",\"item\":\"https:\\\/\\\/iusjh.fi\\\/sv\\\/\"},{\"@type\":\"ListItem\",\"position\":2,\"name\":\"Brandsl\u00e4ckarservice och brands\u00e4kerhet\"}]},{\"@type\":\"WebSite\",\"@id\":\"https:\\\/\\\/iusjh.fi\\\/#website\",\"url\":\"https:\\\/\\\/iusjh.fi\\\/\",\"name\":\"Porvoon sammutinhuolto ja paloturvallisuus\",\"description\":\"\",\"publisher\":{\"@id\":\"https:\\\/\\\/iusjh.fi\\\/#organization\"},\"potentialAction\":[{\"@type\":\"SearchAction\",\"target\":{\"@type\":\"EntryPoint\",\"urlTemplate\":\"https:\\\/\\\/iusjh.fi\\\/?s={search_term_string}\"},\"query-input\":{\"@type\":\"PropertyValueSpecification\",\"valueRequired\":true,\"valueName\":\"search_term_string\"}}],\"inLanguage\":\"sv-SE\"},{\"@type\":\"Organization\",\"@id\":\"https:\\\/\\\/iusjh.fi\\\/#organization\",\"name\":\"It\u00e4-Uudenmaan Sammutin- ja Huoltoliike\",\"alternateName\":\"IUSJH\",\"url\":\"https:\\\/\\\/iusjh.fi\\\/\",\"logo\":{\"@type\":\"ImageObject\",\"inLanguage\":\"sv-SE\",\"@id\":\"https:\\\/\\\/iusjh.fi\\\/#\\\/schema\\\/logo\\\/image\\\/\",\"url\":\"https:\\\/\\\/iusjh.fi\\\/wp-content\\\/uploads\\\/2018\\\/11\\\/iusjh_512x512px_ico.png\",\"contentUrl\":\"https:\\\/\\\/iusjh.fi\\\/wp-content\\\/uploads\\\/2018\\\/11\\\/iusjh_512x512px_ico.png\",\"width\":512,\"height\":512,\"caption\":\"It\u00e4-Uudenmaan Sammutin- ja Huoltoliike\"},\"image\":{\"@id\":\"https:\\\/\\\/iusjh.fi\\\/#\\\/schema\\\/logo\\\/image\\\/\"},\"sameAs\":[\"https:\\\/\\\/www.facebook.com\\\/iuptfi\"]}]}<\/script>\n<!-- \/ Yoast SEO plugin. -->","yoast_head_json":{"title":"Brandsl\u00e4ckarservice och brands\u00e4kerhet | Borg\u00e5 Brandsl\u00e4ckarservice","robots":{"index":"index","follow":"follow","max-snippet":"max-snippet:-1","max-image-preview":"max-image-preview:large","max-video-preview":"max-video-preview:-1"},"canonical":"https:\/\/iusjh.fi\/sv\/","og_locale":"sv_SE","og_type":"article","og_title":"Brandsl\u00e4ckarservice och brands\u00e4kerhet | Borg\u00e5 Brandsl\u00e4ckarservice","og_description":"Brands\u00e4kerhetsprodukter M\u00e5ngsidigt brandskydd- och system f\u00f6r alla situationer. Granskning &amp; Service Vi servar och kollar alla brandsl\u00e4ckare. Utbildningar AS1, Kurs i Heta arbeten och arbets\u00e4kerhets utbildning av h\u00f6g kvalitet. \u00d6st-Nylands Brands\u00e4kerhet Vi \u00e4r en serviceinriktad leverant\u00f6r i \u00d6stra Nyland av &hellip;","og_url":"https:\/\/iusjh.fi\/sv\/","og_site_name":"Borg\u00e5 Brandsl\u00e4ckarservice","article_publisher":"https:\/\/www.facebook.com\/iuptfi","article_modified_time":"2024-04-21T15:17:06+00:00","og_image":[{"width":1200,"height":630,"url":"https:\/\/iusjh.fi\/wp-content\/uploads\/2021\/05\/sammutinhuolto_iupt_1200x630px_fb.jpg","type":"image\/jpeg"}],"twitter_card":"summary_large_image","twitter_misc":{"Ber\u00e4knad l\u00e4stid":"2 minuter"},"schema":{"@context":"https:\/\/schema.org","@graph":[{"@type":"WebPage","@id":"https:\/\/iusjh.fi\/sv\/","url":"https:\/\/iusjh.fi\/sv\/","name":"Brandsl\u00e4ckarservice och brands\u00e4kerhet | Borg\u00e5 Brandsl\u00e4ckarservice","isPartOf":{"@id":"https:\/\/iusjh.fi\/#website"},"primaryImageOfPage":{"@id":"https:\/\/iusjh.fi\/sv\/#primaryimage"},"image":{"@id":"https:\/\/iusjh.fi\/sv\/#primaryimage"},"thumbnailUrl":"https:\/\/iusjh.fi\/wp-content\/uploads\/2021\/05\/sammutinhuolto_iupt_1200x630px_fb.jpg","datePublished":"2016-09-20T06:10:40+00:00","dateModified":"2024-04-21T15:17:06+00:00","breadcrumb":{"@id":"https:\/\/iusjh.fi\/sv\/#breadcrumb"},"inLanguage":"sv-SE","potentialAction":[{"@type":"ReadAction","target":["https:\/\/iusjh.fi\/sv\/"]}]},{"@type":"ImageObject","inLanguage":"sv-SE","@id":"https:\/\/iusjh.fi\/sv\/#primaryimage","url":"https:\/\/iusjh.fi\/wp-content\/uploads\/2021\/05\/sammutinhuolto_iupt_1200x630px_fb.jpg","contentUrl":"https:\/\/iusjh.fi\/wp-content\/uploads\/2021\/05\/sammutinhuolto_iupt_1200x630px_fb.jpg","width":1200,"height":630,"caption":"IUPT logo"},{"@type":"BreadcrumbList","@id":"https:\/\/iusjh.fi\/sv\/#breadcrumb","itemListElement":[{"@type":"ListItem","position":1,"name":"Home","item":"https:\/\/iusjh.fi\/sv\/"},{"@type":"ListItem","position":2,"name":"Brandsl\u00e4ckarservice och brands\u00e4kerhet"}]},{"@type":"WebSite","@id":"https:\/\/iusjh.fi\/#website","url":"https:\/\/iusjh.fi\/","name":"Porvoon sammutinhuolto ja paloturvallisuus","description":"","publisher":{"@id":"https:\/\/iusjh.fi\/#organization"},"potentialAction":[{"@type":"SearchAction","target":{"@type":"EntryPoint","urlTemplate":"https:\/\/iusjh.fi\/?s={search_term_string}"},"query-input":{"@type":"PropertyValueSpecification","valueRequired":true,"valueName":"search_term_string"}}],"inLanguage":"sv-SE"},{"@type":"Organization","@id":"https:\/\/iusjh.fi\/#organization","name":"It\u00e4-Uudenmaan Sammutin- ja Huoltoliike","alternateName":"IUSJH","url":"https:\/\/iusjh.fi\/","logo":{"@type":"ImageObject","inLanguage":"sv-SE","@id":"https:\/\/iusjh.fi\/#\/schema\/logo\/image\/","url":"https:\/\/iusjh.fi\/wp-content\/uploads\/2018\/11\/iusjh_512x512px_ico.png","contentUrl":"https:\/\/iusjh.fi\/wp-content\/uploads\/2018\/11\/iusjh_512x512px_ico.png","width":512,"height":512,"caption":"It\u00e4-Uudenmaan Sammutin- ja Huoltoliike"},"image":{"@id":"https:\/\/iusjh.fi\/#\/schema\/logo\/image\/"},"sameAs":["https:\/\/www.facebook.com\/iuptfi"]}]}},"_links":{"self":[{"href":"https:\/\/iusjh.fi\/sv\/wp-json\/wp\/v2\/pages\/13","targetHints":{"allow":["GET"]}}],"collection":[{"href":"https:\/\/iusjh.fi\/sv\/wp-json\/wp\/v2\/pages"}],"about":[{"href":"https:\/\/iusjh.fi\/sv\/wp-json\/wp\/v2\/types\/page"}],"author":[{"embeddable":true,"href":"https:\/\/iusjh.fi\/sv\/wp-json\/wp\/v2\/users\/4"}],"replies":[{"embeddable":true,"href":"https:\/\/iusjh.fi\/sv\/wp-json\/wp\/v2\/comments?post=13"}],"version-history":[{"count":16,"href":"https:\/\/iusjh.fi\/sv\/wp-json\/wp\/v2\/pages\/13\/revisions"}],"predecessor-version":[{"id":4583,"href":"https:\/\/iusjh.fi\/sv\/wp-json\/wp\/v2\/pages\/13\/revisions\/4583"}],"wp:featuredmedia":[{"embeddable":true,"href":"https:\/\/iusjh.fi\/sv\/wp-json\/wp\/v2\/media\/3444"}],"wp:attachment":[{"href":"https:\/\/iusjh.fi\/sv\/wp-json\/wp\/v2\/media?parent=13"}],"curies":[{"name":"wp","href":"https:\/\/api.w.org\/{rel}","templated":true}]}}