{"id":37,"date":"2016-09-20T06:41:39","date_gmt":"2016-09-20T06:41:39","guid":{"rendered":"http:\/\/iusjh.fi\/sv\/?page_id=37"},"modified":"2018-12-19T09:23:33","modified_gmt":"2018-12-19T09:23:33","slug":"tarjoamme","status":"publish","type":"page","link":"https:\/\/iusjh.fi\/sv\/tarjoamme\/","title":{"rendered":"Tj\u00e4nster"},"content":{"rendered":"<div id=\"tarjoamme\" class=\"row\">\n<div class=\"container\">\n<div class=\"col-sm-8\">\n<h2>\u00d6st-Nylands Brandsl\u00e4ckarservice, Brands\u00e4kerhet<\/h2>\n<p>Vi t\u00e4nker p\u00e5 kundens b\u00e4sta ifr\u00e5ga om brands\u00e4kerhet, komplett serviceutbud inom brandredskap.<br \/>\n&nbsp;<br \/>\n&nbsp;<\/p>\n<h3>Vi erbjuder f\u00f6ljande:<\/h3>\n<p>&nbsp;<\/p>\n<ul>\n<li><i class=\"fa fa-check\"><\/i>brandsl\u00e4ckare (samt service och granskning)<\/li>\n<li><i class=\"fa fa-check\"><\/i>brandposter (samt service och granskning)<\/li>\n<li><i class=\"fa fa-check\"><\/i>granskning av skyddsrum samt t\u00e4thetsprov mm.<\/li>\n<li><i class=\"fa fa-check\"><\/i>brandlarm, brandvarnare, brandfiltar mm.<\/li>\n<li><i class=\"fa fa-check\"><\/i>brandskyltar, n\u00f6dskyltar<\/li>\n<li><i class=\"fa fa-check\"><\/i>CO2 svetsgasflaskor samt p\u00e5fyllning<\/li>\n<li><i class=\"fa fa-check\"><\/i>AS1, f\u00f6rstahandssl\u00e4cknings kurs, fr\u00e5ga g\u00e4rna mera<\/li>\n<li><i class=\"fa fa-check\"><\/i>Arbetss\u00e4kerhet kurs, kurs i heta arbeten inom hela regionen \u00d6st-Nyland, Sibbo, Borg\u00e5, Lovisa med omnejd<\/li>\n<li><i class=\"fa fa-check\"><\/i>automatisk brandsl\u00e4ckare f\u00f6r fordon, b\u00e5tar och arbetsmaskiner<\/li>\n<\/ul>\n<\/div>\n<div class=\"col-sm-4\"><img decoding=\"async\" class=\"img-responsive\" src=\"http:\/\/iusjh.fi\/wp-content\/uploads\/2016\/09\/kansikuva.jpg\" alt=\"Porvoon Sammutinhuolto\" \/><br \/>\n<img decoding=\"async\" class=\"img-responsive\" src=\"http:\/\/iusjh.fi\/wp-content\/uploads\/2016\/09\/matkalla.jpg\" alt=\"Porvoon Sammutinhuolto\" \/><\/div>\n<\/div>\n<\/div>\n","protected":false},"excerpt":{"rendered":"<p>\u00d6st-Nylands Brandsl\u00e4ckarservice, Brands\u00e4kerhet Vi t\u00e4nker p\u00e5 kundens b\u00e4sta ifr\u00e5ga om brands\u00e4kerhet, komplett serviceutbud inom brandredskap. &nbsp; &nbsp; Vi erbjuder f\u00f6ljande: &nbsp; brandsl\u00e4ckare (samt service och granskning) brandposter (samt service och granskning) granskning av skyddsrum samt t\u00e4thetsprov mm. brandlarm, brandvarnare, brandfiltar &hellip;<\/p>\n","protected":false},"author":4,"featured_media":0,"parent":0,"menu_order":0,"comment_status":"closed","ping_status":"closed","template":"","meta":{"_acf_changed":false,"footnotes":""},"class_list":["post-37","page","type-page","status-publish","hentry"],"acf":[],"yoast_head":"<!-- This site is optimized with the Yoast SEO plugin v27.4 - https:\/\/yoast.com\/product\/yoast-seo-wordpress\/ -->\n<title>Tj\u00e4nster | Borg\u00e5 Brandsl\u00e4ckarservice<\/title>\n<meta name=\"robots\" content=\"index, follow, max-snippet:-1, max-image-preview:large, max-video-preview:-1\" \/>\n<link rel=\"canonical\" href=\"https:\/\/iusjh.fi\/sv\/tarjoamme\/\" \/>\n<meta property=\"og:locale\" content=\"sv_SE\" \/>\n<meta property=\"og:type\" content=\"article\" \/>\n<meta property=\"og:title\" content=\"Tj\u00e4nster | Borg\u00e5 Brandsl\u00e4ckarservice\" \/>\n<meta property=\"og:description\" content=\"\u00d6st-Nylands Brandsl\u00e4ckarservice, Brands\u00e4kerhet Vi t\u00e4nker p\u00e5 kundens b\u00e4sta ifr\u00e5ga om brands\u00e4kerhet, komplett serviceutbud inom brandredskap. &nbsp; &nbsp; Vi erbjuder f\u00f6ljande: &nbsp; brandsl\u00e4ckare (samt service och granskning) brandposter (samt service och granskning) granskning av skyddsrum samt t\u00e4thetsprov mm. brandlarm, brandvarnare, brandfiltar &hellip;\" \/>\n<meta property=\"og:url\" content=\"https:\/\/iusjh.fi\/sv\/tarjoamme\/\" \/>\n<meta property=\"og:site_name\" content=\"Borg\u00e5 Brandsl\u00e4ckarservice\" \/>\n<meta property=\"article:publisher\" content=\"https:\/\/www.facebook.com\/iuptfi\" \/>\n<meta property=\"article:modified_time\" content=\"2018-12-19T09:23:33+00:00\" \/>\n<meta property=\"og:image\" content=\"http:\/\/iusjh.fi\/wp-content\/uploads\/2016\/09\/kansikuva.jpg\" \/>\n<meta name=\"twitter:card\" content=\"summary_large_image\" \/>\n<script type=\"application\/ld+json\" class=\"yoast-schema-graph\">{\"@context\":\"https:\\\/\\\/schema.org\",\"@graph\":[{\"@type\":\"WebPage\",\"@id\":\"https:\\\/\\\/iusjh.fi\\\/sv\\\/tarjoamme\\\/\",\"url\":\"https:\\\/\\\/iusjh.fi\\\/sv\\\/tarjoamme\\\/\",\"name\":\"Tj\u00e4nster | Borg\u00e5 Brandsl\u00e4ckarservice\",\"isPartOf\":{\"@id\":\"https:\\\/\\\/iusjh.fi\\\/#website\"},\"primaryImageOfPage\":{\"@id\":\"https:\\\/\\\/iusjh.fi\\\/sv\\\/tarjoamme\\\/#primaryimage\"},\"image\":{\"@id\":\"https:\\\/\\\/iusjh.fi\\\/sv\\\/tarjoamme\\\/#primaryimage\"},\"thumbnailUrl\":\"http:\\\/\\\/iusjh.fi\\\/wp-content\\\/uploads\\\/2016\\\/09\\\/kansikuva.jpg\",\"datePublished\":\"2016-09-20T06:41:39+00:00\",\"dateModified\":\"2018-12-19T09:23:33+00:00\",\"breadcrumb\":{\"@id\":\"https:\\\/\\\/iusjh.fi\\\/sv\\\/tarjoamme\\\/#breadcrumb\"},\"inLanguage\":\"sv-SE\",\"potentialAction\":[{\"@type\":\"ReadAction\",\"target\":[\"https:\\\/\\\/iusjh.fi\\\/sv\\\/tarjoamme\\\/\"]}]},{\"@type\":\"ImageObject\",\"inLanguage\":\"sv-SE\",\"@id\":\"https:\\\/\\\/iusjh.fi\\\/sv\\\/tarjoamme\\\/#primaryimage\",\"url\":\"http:\\\/\\\/iusjh.fi\\\/wp-content\\\/uploads\\\/2016\\\/09\\\/kansikuva.jpg\",\"contentUrl\":\"http:\\\/\\\/iusjh.fi\\\/wp-content\\\/uploads\\\/2016\\\/09\\\/kansikuva.jpg\"},{\"@type\":\"BreadcrumbList\",\"@id\":\"https:\\\/\\\/iusjh.fi\\\/sv\\\/tarjoamme\\\/#breadcrumb\",\"itemListElement\":[{\"@type\":\"ListItem\",\"position\":1,\"name\":\"Home\",\"item\":\"https:\\\/\\\/iusjh.fi\\\/sv\\\/\"},{\"@type\":\"ListItem\",\"position\":2,\"name\":\"Tj\u00e4nster\"}]},{\"@type\":\"WebSite\",\"@id\":\"https:\\\/\\\/iusjh.fi\\\/#website\",\"url\":\"https:\\\/\\\/iusjh.fi\\\/\",\"name\":\"Porvoon sammutinhuolto ja paloturvallisuus\",\"description\":\"\",\"publisher\":{\"@id\":\"https:\\\/\\\/iusjh.fi\\\/#organization\"},\"potentialAction\":[{\"@type\":\"SearchAction\",\"target\":{\"@type\":\"EntryPoint\",\"urlTemplate\":\"https:\\\/\\\/iusjh.fi\\\/?s={search_term_string}\"},\"query-input\":{\"@type\":\"PropertyValueSpecification\",\"valueRequired\":true,\"valueName\":\"search_term_string\"}}],\"inLanguage\":\"sv-SE\"},{\"@type\":\"Organization\",\"@id\":\"https:\\\/\\\/iusjh.fi\\\/#organization\",\"name\":\"It\u00e4-Uudenmaan Sammutin- ja Huoltoliike\",\"alternateName\":\"IUSJH\",\"url\":\"https:\\\/\\\/iusjh.fi\\\/\",\"logo\":{\"@type\":\"ImageObject\",\"inLanguage\":\"sv-SE\",\"@id\":\"https:\\\/\\\/iusjh.fi\\\/#\\\/schema\\\/logo\\\/image\\\/\",\"url\":\"https:\\\/\\\/iusjh.fi\\\/wp-content\\\/uploads\\\/2018\\\/11\\\/iusjh_512x512px_ico.png\",\"contentUrl\":\"https:\\\/\\\/iusjh.fi\\\/wp-content\\\/uploads\\\/2018\\\/11\\\/iusjh_512x512px_ico.png\",\"width\":512,\"height\":512,\"caption\":\"It\u00e4-Uudenmaan Sammutin- ja Huoltoliike\"},\"image\":{\"@id\":\"https:\\\/\\\/iusjh.fi\\\/#\\\/schema\\\/logo\\\/image\\\/\"},\"sameAs\":[\"https:\\\/\\\/www.facebook.com\\\/iuptfi\"]}]}<\/script>\n<!-- \/ Yoast SEO plugin. -->","yoast_head_json":{"title":"Tj\u00e4nster | Borg\u00e5 Brandsl\u00e4ckarservice","robots":{"index":"index","follow":"follow","max-snippet":"max-snippet:-1","max-image-preview":"max-image-preview:large","max-video-preview":"max-video-preview:-1"},"canonical":"https:\/\/iusjh.fi\/sv\/tarjoamme\/","og_locale":"sv_SE","og_type":"article","og_title":"Tj\u00e4nster | Borg\u00e5 Brandsl\u00e4ckarservice","og_description":"\u00d6st-Nylands Brandsl\u00e4ckarservice, Brands\u00e4kerhet Vi t\u00e4nker p\u00e5 kundens b\u00e4sta ifr\u00e5ga om brands\u00e4kerhet, komplett serviceutbud inom brandredskap. &nbsp; &nbsp; Vi erbjuder f\u00f6ljande: &nbsp; brandsl\u00e4ckare (samt service och granskning) brandposter (samt service och granskning) granskning av skyddsrum samt t\u00e4thetsprov mm. brandlarm, brandvarnare, brandfiltar &hellip;","og_url":"https:\/\/iusjh.fi\/sv\/tarjoamme\/","og_site_name":"Borg\u00e5 Brandsl\u00e4ckarservice","article_publisher":"https:\/\/www.facebook.com\/iuptfi","article_modified_time":"2018-12-19T09:23:33+00:00","og_image":[{"url":"http:\/\/iusjh.fi\/wp-content\/uploads\/2016\/09\/kansikuva.jpg","type":"","width":"","height":""}],"twitter_card":"summary_large_image","schema":{"@context":"https:\/\/schema.org","@graph":[{"@type":"WebPage","@id":"https:\/\/iusjh.fi\/sv\/tarjoamme\/","url":"https:\/\/iusjh.fi\/sv\/tarjoamme\/","name":"Tj\u00e4nster | Borg\u00e5 Brandsl\u00e4ckarservice","isPartOf":{"@id":"https:\/\/iusjh.fi\/#website"},"primaryImageOfPage":{"@id":"https:\/\/iusjh.fi\/sv\/tarjoamme\/#primaryimage"},"image":{"@id":"https:\/\/iusjh.fi\/sv\/tarjoamme\/#primaryimage"},"thumbnailUrl":"http:\/\/iusjh.fi\/wp-content\/uploads\/2016\/09\/kansikuva.jpg","datePublished":"2016-09-20T06:41:39+00:00","dateModified":"2018-12-19T09:23:33+00:00","breadcrumb":{"@id":"https:\/\/iusjh.fi\/sv\/tarjoamme\/#breadcrumb"},"inLanguage":"sv-SE","potentialAction":[{"@type":"ReadAction","target":["https:\/\/iusjh.fi\/sv\/tarjoamme\/"]}]},{"@type":"ImageObject","inLanguage":"sv-SE","@id":"https:\/\/iusjh.fi\/sv\/tarjoamme\/#primaryimage","url":"http:\/\/iusjh.fi\/wp-content\/uploads\/2016\/09\/kansikuva.jpg","contentUrl":"http:\/\/iusjh.fi\/wp-content\/uploads\/2016\/09\/kansikuva.jpg"},{"@type":"BreadcrumbList","@id":"https:\/\/iusjh.fi\/sv\/tarjoamme\/#breadcrumb","itemListElement":[{"@type":"ListItem","position":1,"name":"Home","item":"https:\/\/iusjh.fi\/sv\/"},{"@type":"ListItem","position":2,"name":"Tj\u00e4nster"}]},{"@type":"WebSite","@id":"https:\/\/iusjh.fi\/#website","url":"https:\/\/iusjh.fi\/","name":"Porvoon sammutinhuolto ja paloturvallisuus","description":"","publisher":{"@id":"https:\/\/iusjh.fi\/#organization"},"potentialAction":[{"@type":"SearchAction","target":{"@type":"EntryPoint","urlTemplate":"https:\/\/iusjh.fi\/?s={search_term_string}"},"query-input":{"@type":"PropertyValueSpecification","valueRequired":true,"valueName":"search_term_string"}}],"inLanguage":"sv-SE"},{"@type":"Organization","@id":"https:\/\/iusjh.fi\/#organization","name":"It\u00e4-Uudenmaan Sammutin- ja Huoltoliike","alternateName":"IUSJH","url":"https:\/\/iusjh.fi\/","logo":{"@type":"ImageObject","inLanguage":"sv-SE","@id":"https:\/\/iusjh.fi\/#\/schema\/logo\/image\/","url":"https:\/\/iusjh.fi\/wp-content\/uploads\/2018\/11\/iusjh_512x512px_ico.png","contentUrl":"https:\/\/iusjh.fi\/wp-content\/uploads\/2018\/11\/iusjh_512x512px_ico.png","width":512,"height":512,"caption":"It\u00e4-Uudenmaan Sammutin- ja Huoltoliike"},"image":{"@id":"https:\/\/iusjh.fi\/#\/schema\/logo\/image\/"},"sameAs":["https:\/\/www.facebook.com\/iuptfi"]}]}},"_links":{"self":[{"href":"https:\/\/iusjh.fi\/sv\/wp-json\/wp\/v2\/pages\/37","targetHints":{"allow":["GET"]}}],"collection":[{"href":"https:\/\/iusjh.fi\/sv\/wp-json\/wp\/v2\/pages"}],"about":[{"href":"https:\/\/iusjh.fi\/sv\/wp-json\/wp\/v2\/types\/page"}],"author":[{"embeddable":true,"href":"https:\/\/iusjh.fi\/sv\/wp-json\/wp\/v2\/users\/4"}],"replies":[{"embeddable":true,"href":"https:\/\/iusjh.fi\/sv\/wp-json\/wp\/v2\/comments?post=37"}],"version-history":[{"count":10,"href":"https:\/\/iusjh.fi\/sv\/wp-json\/wp\/v2\/pages\/37\/revisions"}],"predecessor-version":[{"id":533,"href":"https:\/\/iusjh.fi\/sv\/wp-json\/wp\/v2\/pages\/37\/revisions\/533"}],"wp:attachment":[{"href":"https:\/\/iusjh.fi\/sv\/wp-json\/wp\/v2\/media?parent=37"}],"curies":[{"name":"wp","href":"https:\/\/api.w.org\/{rel}","templated":true}]}}